{"id":8,"date":"2009-12-02T00:10:01","date_gmt":"2009-12-01T23:10:01","guid":{"rendered":"http:\/\/ziemniak.home.pl\/unipolbud\/?page_id=8"},"modified":"2010-08-27T19:46:49","modified_gmt":"2010-08-27T18:46:49","slug":"kontakt","status":"publish","type":"page","link":"https:\/\/www.unipolbud.pl\/index.php\/kontakt\/","title":{"rendered":"Kontakt"},"content":{"rendered":"<p>W\u0142a\u015bciciel firmy: Stanis\u0142aw Ziemczonek<\/p>\n<p>Telefon-fax: 74 867 74 60<br \/>\ntel. kom\u00f3rkowy +48 601763772<br \/>\ne-mail : <a href=\"mailto:unipolbud@go2.pl\">unipolbud@go2.pl<\/a><\/p>\n","protected":false},"excerpt":{"rendered":"<p>W\u0142a\u015bciciel firmy: Stanis\u0142aw Ziemczonek Telefon-fax: 74 867 74 60 tel. kom\u00f3rkowy +48 601763772 e-mail : unipolbud@go2.pl<\/p>\n","protected":false},"author":1,"featured_media":0,"parent":0,"menu_order":5,"comment_status":"closed","ping_status":"open","template":"","meta":{"ngg_post_thumbnail":0,"footnotes":""},"aioseo_notices":[],"_links":{"self":[{"href":"https:\/\/www.unipolbud.pl\/index.php\/wp-json\/wp\/v2\/pages\/8"}],"collection":[{"href":"https:\/\/www.unipolbud.pl\/index.php\/wp-json\/wp\/v2\/pages"}],"about":[{"href":"https:\/\/www.unipolbud.pl\/index.php\/wp-json\/wp\/v2\/types\/page"}],"author":[{"embeddable":true,"href":"https:\/\/www.unipolbud.pl\/index.php\/wp-json\/wp\/v2\/users\/1"}],"replies":[{"embeddable":true,"href":"https:\/\/www.unipolbud.pl\/index.php\/wp-json\/wp\/v2\/comments?post=8"}],"version-history":[{"count":4,"href":"https:\/\/www.unipolbud.pl\/index.php\/wp-json\/wp\/v2\/pages\/8\/revisions"}],"predecessor-version":[{"id":65,"href":"https:\/\/www.unipolbud.pl\/index.php\/wp-json\/wp\/v2\/pages\/8\/revisions\/65"}],"wp:attachment":[{"href":"https:\/\/www.unipolbud.pl\/index.php\/wp-json\/wp\/v2\/media?parent=8"}],"curies":[{"name":"wp","href":"https:\/\/api.w.org\/{rel}","templated":true}]}}