{"id":72,"date":"2013-04-27T17:54:50","date_gmt":"2013-04-27T16:54:50","guid":{"rendered":"https:\/\/www.unipolbud.pl\/?page_id=72"},"modified":"2013-04-27T17:57:50","modified_gmt":"2013-04-27T16:57:50","slug":"praca","status":"publish","type":"page","link":"https:\/\/www.unipolbud.pl\/index.php\/praca\/","title":{"rendered":"Praca"},"content":{"rendered":"<p>Aktualnie poszukujemy pracownik\u00f3w:<\/p>\n<ul>\n<li><span style=\"line-height: 13px;\">do prac przy p\u0142ycie gipsowo-kartonowej<\/span><\/li>\n<li>do prac ociepleniowych (z aktualnym badaniem wysoko\u015bciowym)<\/li>\n<\/ul>\n<p>Zainteresowane osoby prosimy o kontakt pod numerem 601 76 37 72 lub email: unipolbud@go2.pl<\/p>\n","protected":false},"excerpt":{"rendered":"<p>Aktualnie poszukujemy pracownik\u00f3w: do prac przy p\u0142ycie gipsowo-kartonowej do prac ociepleniowych (z aktualnym badaniem wysoko\u015bciowym) Zainteresowane osoby prosimy o kontakt pod numerem 601 76 37 72 lub email: unipolbud@go2.pl<\/p>\n","protected":false},"author":1,"featured_media":0,"parent":0,"menu_order":6,"comment_status":"closed","ping_status":"closed","template":"","meta":{"ngg_post_thumbnail":0,"footnotes":""},"aioseo_notices":[],"_links":{"self":[{"href":"https:\/\/www.unipolbud.pl\/index.php\/wp-json\/wp\/v2\/pages\/72"}],"collection":[{"href":"https:\/\/www.unipolbud.pl\/index.php\/wp-json\/wp\/v2\/pages"}],"about":[{"href":"https:\/\/www.unipolbud.pl\/index.php\/wp-json\/wp\/v2\/types\/page"}],"author":[{"embeddable":true,"href":"https:\/\/www.unipolbud.pl\/index.php\/wp-json\/wp\/v2\/users\/1"}],"replies":[{"embeddable":true,"href":"https:\/\/www.unipolbud.pl\/index.php\/wp-json\/wp\/v2\/comments?post=72"}],"version-history":[{"count":3,"href":"https:\/\/www.unipolbud.pl\/index.php\/wp-json\/wp\/v2\/pages\/72\/revisions"}],"predecessor-version":[{"id":76,"href":"https:\/\/www.unipolbud.pl\/index.php\/wp-json\/wp\/v2\/pages\/72\/revisions\/76"}],"wp:attachment":[{"href":"https:\/\/www.unipolbud.pl\/index.php\/wp-json\/wp\/v2\/media?parent=72"}],"curies":[{"name":"wp","href":"https:\/\/api.w.org\/{rel}","templated":true}]}}