{"id":7,"date":"2009-12-02T00:09:31","date_gmt":"2009-12-01T23:09:31","guid":{"rendered":"http:\/\/ziemniak.home.pl\/unipolbud\/?page_id=7"},"modified":"2010-08-27T19:46:33","modified_gmt":"2010-08-27T18:46:33","slug":"referencje","status":"publish","type":"page","link":"https:\/\/www.unipolbud.pl\/index.php\/referencje\/","title":{"rendered":"Referencje"},"content":{"rendered":"<p>Wybrane referencje wystawione naszej firmie:<!-- index.php -->\n<div\n\tclass=\"ngg-galleryoverview\n\t ngg-ajax-pagination-none\t\"\n\tid=\"ngg-gallery-2c06c7b2f139d54b2fb5f2019282340c-1\">\n\n\t\t\t<!-- Thumbnails -->\n\t\t\t\t<div id=\"ngg-image-0\" class=\"ngg-gallery-thumbnail-box\" \n\t\t\t\t\t\t\t\t\t\t\t>\n\t\t\t\t\t\t<div class=\"ngg-gallery-thumbnail\">\n\t\t\t<a href=\"https:\/\/www.unipolbud.pl\/wp-content\/gallery\/referencje\/batlux.jpg\"\n\t\t\t\ttitle=\"Remont sklepu Batlux\"\n\t\t\t\tdata-src=\"https:\/\/www.unipolbud.pl\/wp-content\/gallery\/referencje\/batlux.jpg\"\n\t\t\t\tdata-thumbnail=\"https:\/\/www.unipolbud.pl\/wp-content\/gallery\/referencje\/thumbs\/thumbs_batlux.jpg\"\n\t\t\t\tdata-image-id=\"2\"\n\t\t\t\tdata-title=\"Remont sklepu Batlux\"\n\t\t\t\tdata-description=\"Remont sklepu Batlux\"\n\t\t\t\tdata-image-slug=\"remont-sklepu-batlux\"\n\t\t\t\tclass=\"ngg-fancybox\" rel=\"2c06c7b2f139d54b2fb5f2019282340c\">\n\t\t\t\t<img\n\t\t\t\t\ttitle=\"Remont sklepu Batlux\"\n\t\t\t\t\talt=\"Remont sklepu Batlux\"\n\t\t\t\t\tsrc=\"https:\/\/www.unipolbud.pl\/wp-content\/gallery\/referencje\/thumbs\/thumbs_batlux.jpg\"\n\t\t\t\t\twidth=\"100\"\n\t\t\t\t\theight=\"75\"\n\t\t\t\t\tstyle=\"max-width:100%;\"\n\t\t\t\t\/>\n\t\t\t<\/a>\n\t\t<\/div>\n\t\t\t\t\t\t\t<\/div> \n\t\t\t\n\t\t\n\t\t\t\t<div id=\"ngg-image-1\" class=\"ngg-gallery-thumbnail-box\" \n\t\t\t\t\t\t\t\t\t\t\t>\n\t\t\t\t\t\t<div class=\"ngg-gallery-thumbnail\">\n\t\t\t<a href=\"https:\/\/www.unipolbud.pl\/wp-content\/gallery\/referencje\/bgz01.jpg\"\n\t\t\t\ttitle=\"Roboty budowlane i wyko\u0144czeniowe w budynku BG\u017b w K\u0142odzku wykonywane w 2000 roku\"\n\t\t\t\tdata-src=\"https:\/\/www.unipolbud.pl\/wp-content\/gallery\/referencje\/bgz01.jpg\"\n\t\t\t\tdata-thumbnail=\"https:\/\/www.unipolbud.pl\/wp-content\/gallery\/referencje\/thumbs\/thumbs_bgz01.jpg\"\n\t\t\t\tdata-image-id=\"4\"\n\t\t\t\tdata-title=\"Roboty budowlane i wyko\u0144czeniowe w budynku BG\u017b w K\u0142odzku wykonywane w 2000 roku\"\n\t\t\t\tdata-description=\"Roboty budowlane i wyko\u0144czeniowe w budynku BG\u017b w K\u0142odzku wykonywane w 2000 roku\"\n\t\t\t\tdata-image-slug=\"roboty-budowlane-i-wykonczeniowe-w-budynku-bgz-w-klodzku-wykonywane-w-2000-roku\"\n\t\t\t\tclass=\"ngg-fancybox\" rel=\"2c06c7b2f139d54b2fb5f2019282340c\">\n\t\t\t\t<img\n\t\t\t\t\ttitle=\"Roboty budowlane i wyko\u0144czeniowe w budynku BG\u017b w K\u0142odzku wykonywane w 2000 roku\"\n\t\t\t\t\talt=\"Roboty budowlane i wyko\u0144czeniowe w budynku BG\u017b w K\u0142odzku wykonywane w 2000 roku\"\n\t\t\t\t\tsrc=\"https:\/\/www.unipolbud.pl\/wp-content\/gallery\/referencje\/thumbs\/thumbs_bgz01.jpg\"\n\t\t\t\t\twidth=\"100\"\n\t\t\t\t\theight=\"75\"\n\t\t\t\t\tstyle=\"max-width:100%;\"\n\t\t\t\t\/>\n\t\t\t<\/a>\n\t\t<\/div>\n\t\t\t\t\t\t\t<\/div> \n\t\t\t\n\t\t\n\t\t\t\t<div id=\"ngg-image-2\" class=\"ngg-gallery-thumbnail-box\" \n\t\t\t\t\t\t\t\t\t\t\t>\n\t\t\t\t\t\t<div class=\"ngg-gallery-thumbnail\">\n\t\t\t<a href=\"https:\/\/www.unipolbud.pl\/wp-content\/gallery\/referencje\/eskulap.jpg\"\n\t\t\t\ttitle=\"Przystosowanie budynku przy ul. Wojska Polskiego 18 na potrzeby NZOZ \u2018ESKULAP\u2019 w K\u0142odzku\"\n\t\t\t\tdata-src=\"https:\/\/www.unipolbud.pl\/wp-content\/gallery\/referencje\/eskulap.jpg\"\n\t\t\t\tdata-thumbnail=\"https:\/\/www.unipolbud.pl\/wp-content\/gallery\/referencje\/thumbs\/thumbs_eskulap.jpg\"\n\t\t\t\tdata-image-id=\"5\"\n\t\t\t\tdata-title=\"Przystosowanie budynku przy ul. Wojska Polskiego 18 na potrzeby NZOZ \u2018ESKULAP\u2019 w K\u0142odzku\"\n\t\t\t\tdata-description=\"Przystosowanie budynku przy ul. Wojska Polskiego 18 na potrzeby NZOZ \u2018ESKULAP\u2019 w K\u0142odzku\"\n\t\t\t\tdata-image-slug=\"przystosowanie-budynku-przy-ul-wojska-polskiego-18-na-potrzeby-nzoz-%e2%80%98eskulap%e2%80%99-w-klodzku\"\n\t\t\t\tclass=\"ngg-fancybox\" rel=\"2c06c7b2f139d54b2fb5f2019282340c\">\n\t\t\t\t<img\n\t\t\t\t\ttitle=\"Przystosowanie budynku przy ul. Wojska Polskiego 18 na potrzeby NZOZ \u2018ESKULAP\u2019 w K\u0142odzku\"\n\t\t\t\t\talt=\"Przystosowanie budynku przy ul. Wojska Polskiego 18 na potrzeby NZOZ \u2018ESKULAP\u2019 w K\u0142odzku\"\n\t\t\t\t\tsrc=\"https:\/\/www.unipolbud.pl\/wp-content\/gallery\/referencje\/thumbs\/thumbs_eskulap.jpg\"\n\t\t\t\t\twidth=\"100\"\n\t\t\t\t\theight=\"75\"\n\t\t\t\t\tstyle=\"max-width:100%;\"\n\t\t\t\t\/>\n\t\t\t<\/a>\n\t\t<\/div>\n\t\t\t\t\t\t\t<\/div> \n\t\t\t\n\t\t\n\t\t\t\t<div id=\"ngg-image-3\" class=\"ngg-gallery-thumbnail-box\" \n\t\t\t\t\t\t\t\t\t\t\t>\n\t\t\t\t\t\t<div class=\"ngg-gallery-thumbnail\">\n\t\t\t<a href=\"https:\/\/www.unipolbud.pl\/wp-content\/gallery\/referencje\/galeriakaletnicza.jpg\"\n\t\t\t\ttitle=\"Rozbudowa oraz wystr\u00f3j wn\u0119trza sklepu \u2018Galanteria Kaletnicza\u201d ul. Wita Stwosza w K\u0142odzku\"\n\t\t\t\tdata-src=\"https:\/\/www.unipolbud.pl\/wp-content\/gallery\/referencje\/galeriakaletnicza.jpg\"\n\t\t\t\tdata-thumbnail=\"https:\/\/www.unipolbud.pl\/wp-content\/gallery\/referencje\/thumbs\/thumbs_galeriakaletnicza.jpg\"\n\t\t\t\tdata-image-id=\"6\"\n\t\t\t\tdata-title=\"Rozbudowa oraz wystr\u00f3j wn\u0119trza sklepu \u2018Galanteria Kaletnicza\u201d ul. Wita Stwosza w K\u0142odzku\"\n\t\t\t\tdata-description=\"Rozbudowa oraz wystr\u00f3j wn\u0119trza sklepu \u2018Galanteria Kaletnicza\u201d ul. Wita Stwosza w K\u0142odzku\"\n\t\t\t\tdata-image-slug=\"rozbudowa-oraz-wystroj-wnetrza-sklepu-%e2%80%98galanteria-kaletnicza%e2%80%9d-ul-wita-stwosza-w-klodzku\"\n\t\t\t\tclass=\"ngg-fancybox\" rel=\"2c06c7b2f139d54b2fb5f2019282340c\">\n\t\t\t\t<img\n\t\t\t\t\ttitle=\"Rozbudowa oraz wystr\u00f3j wn\u0119trza sklepu \u2018Galanteria Kaletnicza\u201d ul. Wita Stwosza w K\u0142odzku\"\n\t\t\t\t\talt=\"Rozbudowa oraz wystr\u00f3j wn\u0119trza sklepu \u2018Galanteria Kaletnicza\u201d ul. Wita Stwosza w K\u0142odzku\"\n\t\t\t\t\tsrc=\"https:\/\/www.unipolbud.pl\/wp-content\/gallery\/referencje\/thumbs\/thumbs_galeriakaletnicza.jpg\"\n\t\t\t\t\twidth=\"100\"\n\t\t\t\t\theight=\"75\"\n\t\t\t\t\tstyle=\"max-width:100%;\"\n\t\t\t\t\/>\n\t\t\t<\/a>\n\t\t<\/div>\n\t\t\t\t\t\t\t<\/div> \n\t\t\t\n\t\t\n\t\t\t\t<div id=\"ngg-image-4\" class=\"ngg-gallery-thumbnail-box\" \n\t\t\t\t\t\t\t\t\t\t\t>\n\t\t\t\t\t\t<div class=\"ngg-gallery-thumbnail\">\n\t\t\t<a href=\"https:\/\/www.unipolbud.pl\/wp-content\/gallery\/referencje\/ge.jpg\"\n\t\t\t\ttitle=\"wydzielenie pomieszcze\u0144 biurowych w budynku siedziby GE Power Controls Polska, ul. Pi\u0142sudzkiego 5 w K\u0142odzku\"\n\t\t\t\tdata-src=\"https:\/\/www.unipolbud.pl\/wp-content\/gallery\/referencje\/ge.jpg\"\n\t\t\t\tdata-thumbnail=\"https:\/\/www.unipolbud.pl\/wp-content\/gallery\/referencje\/thumbs\/thumbs_ge.jpg\"\n\t\t\t\tdata-image-id=\"7\"\n\t\t\t\tdata-title=\"Wydzielenie pomieszcze\u0144 biurowych w budynku siedziby GE Power Controls Polska, ul. Pi\u0142sudzkiego 5 w K\u0142odzku\"\n\t\t\t\tdata-description=\"wydzielenie pomieszcze\u0144 biurowych w budynku siedziby GE Power Controls Polska, ul. Pi\u0142sudzkiego 5 w K\u0142odzku\"\n\t\t\t\tdata-image-slug=\"wydzielenie-pomieszczen-biurowych-w-budynku-siedziby-ge-power-controls-polska-ul-pilsudzkiego-5-w-klodzku\"\n\t\t\t\tclass=\"ngg-fancybox\" rel=\"2c06c7b2f139d54b2fb5f2019282340c\">\n\t\t\t\t<img\n\t\t\t\t\ttitle=\"Wydzielenie pomieszcze\u0144 biurowych w budynku siedziby GE Power Controls Polska, ul. Pi\u0142sudzkiego 5 w K\u0142odzku\"\n\t\t\t\t\talt=\"Wydzielenie pomieszcze\u0144 biurowych w budynku siedziby GE Power Controls Polska, ul. Pi\u0142sudzkiego 5 w K\u0142odzku\"\n\t\t\t\t\tsrc=\"https:\/\/www.unipolbud.pl\/wp-content\/gallery\/referencje\/thumbs\/thumbs_ge.jpg\"\n\t\t\t\t\twidth=\"100\"\n\t\t\t\t\theight=\"75\"\n\t\t\t\t\tstyle=\"max-width:100%;\"\n\t\t\t\t\/>\n\t\t\t<\/a>\n\t\t<\/div>\n\t\t\t\t\t\t\t<\/div> \n\t\t\t\n\t\t\n\t\t\t\t<div id=\"ngg-image-5\" class=\"ngg-gallery-thumbnail-box\" \n\t\t\t\t\t\t\t\t\t\t\t>\n\t\t\t\t\t\t<div class=\"ngg-gallery-thumbnail\">\n\t\t\t<a href=\"https:\/\/www.unipolbud.pl\/wp-content\/gallery\/referencje\/marwal.jpg\"\n\t\t\t\ttitle=\"Roboty wyko\u0144czeniowe sali sprzeda\u017cy w  siedzibie firmy \u201eMARWAL\u201d, ul. Sp\u00f3\u0142dzielcza w K\u0142odzku\"\n\t\t\t\tdata-src=\"https:\/\/www.unipolbud.pl\/wp-content\/gallery\/referencje\/marwal.jpg\"\n\t\t\t\tdata-thumbnail=\"https:\/\/www.unipolbud.pl\/wp-content\/gallery\/referencje\/thumbs\/thumbs_marwal.jpg\"\n\t\t\t\tdata-image-id=\"8\"\n\t\t\t\tdata-title=\"Roboty wyko\u0144czeniowe sali sprzeda\u017cy w  siedzibie firmy \u201eMARWAL\u201d, ul. Sp\u00f3\u0142dzielcza w K\u0142odzku\"\n\t\t\t\tdata-description=\"Roboty wyko\u0144czeniowe sali sprzeda\u017cy w  siedzibie firmy \u201eMARWAL\u201d, ul. Sp\u00f3\u0142dzielcza w K\u0142odzku\"\n\t\t\t\tdata-image-slug=\"roboty-wykonczeniowe-sali-sprzedazy-w-siedzibie-firmy-%e2%80%9emarwal%e2%80%9d-ul-spoldzielcza-w-klodzku\"\n\t\t\t\tclass=\"ngg-fancybox\" rel=\"2c06c7b2f139d54b2fb5f2019282340c\">\n\t\t\t\t<img\n\t\t\t\t\ttitle=\"Roboty wyko\u0144czeniowe sali sprzeda\u017cy w  siedzibie firmy \u201eMARWAL\u201d, ul. Sp\u00f3\u0142dzielcza w K\u0142odzku\"\n\t\t\t\t\talt=\"Roboty wyko\u0144czeniowe sali sprzeda\u017cy w  siedzibie firmy \u201eMARWAL\u201d, ul. Sp\u00f3\u0142dzielcza w K\u0142odzku\"\n\t\t\t\t\tsrc=\"https:\/\/www.unipolbud.pl\/wp-content\/gallery\/referencje\/thumbs\/thumbs_marwal.jpg\"\n\t\t\t\t\twidth=\"100\"\n\t\t\t\t\theight=\"75\"\n\t\t\t\t\tstyle=\"max-width:100%;\"\n\t\t\t\t\/>\n\t\t\t<\/a>\n\t\t<\/div>\n\t\t\t\t\t\t\t<\/div> \n\t\t\t\n\t\t\n\t\t\t\t<div id=\"ngg-image-6\" class=\"ngg-gallery-thumbnail-box\" \n\t\t\t\t\t\t\t\t\t\t\t>\n\t\t\t\t\t\t<div class=\"ngg-gallery-thumbnail\">\n\t\t\t<a href=\"https:\/\/www.unipolbud.pl\/wp-content\/gallery\/referencje\/pcpr.jpg\"\n\t\t\t\ttitle=\"Roboty wyko\u0144czeniowe pomieszcze\u0144 Powiatowego Centrum Pomocy Rodzinie w K\u0142odzku\"\n\t\t\t\tdata-src=\"https:\/\/www.unipolbud.pl\/wp-content\/gallery\/referencje\/pcpr.jpg\"\n\t\t\t\tdata-thumbnail=\"https:\/\/www.unipolbud.pl\/wp-content\/gallery\/referencje\/thumbs\/thumbs_pcpr.jpg\"\n\t\t\t\tdata-image-id=\"9\"\n\t\t\t\tdata-title=\"Roboty wyko\u0144czeniowe pomieszcze\u0144 Powiatowego Centrum Pomocy Rodzinie w K\u0142odzku\"\n\t\t\t\tdata-description=\"Roboty wyko\u0144czeniowe pomieszcze\u0144 Powiatowego Centrum Pomocy Rodzinie w K\u0142odzku\"\n\t\t\t\tdata-image-slug=\"roboty-wykonczeniowe-pomieszczen-powiatowego-centrum-pomocy-rodzinie-w-klodzku\"\n\t\t\t\tclass=\"ngg-fancybox\" rel=\"2c06c7b2f139d54b2fb5f2019282340c\">\n\t\t\t\t<img\n\t\t\t\t\ttitle=\"Roboty wyko\u0144czeniowe pomieszcze\u0144 Powiatowego Centrum Pomocy Rodzinie w K\u0142odzku\"\n\t\t\t\t\talt=\"Roboty wyko\u0144czeniowe pomieszcze\u0144 Powiatowego Centrum Pomocy Rodzinie w K\u0142odzku\"\n\t\t\t\t\tsrc=\"https:\/\/www.unipolbud.pl\/wp-content\/gallery\/referencje\/thumbs\/thumbs_pcpr.jpg\"\n\t\t\t\t\twidth=\"100\"\n\t\t\t\t\theight=\"75\"\n\t\t\t\t\tstyle=\"max-width:100%;\"\n\t\t\t\t\/>\n\t\t\t<\/a>\n\t\t<\/div>\n\t\t\t\t\t\t\t<\/div> \n\t\t\t\n\t\t\n\t\t\t\t<div id=\"ngg-image-7\" class=\"ngg-gallery-thumbnail-box\" \n\t\t\t\t\t\t\t\t\t\t\t>\n\t\t\t\t\t\t<div class=\"ngg-gallery-thumbnail\">\n\t\t\t<a href=\"https:\/\/www.unipolbud.pl\/wp-content\/gallery\/referencje\/pzu.jpg\"\n\t\t\t\ttitle=\"Adaptacja pomieszcze\u0144 na siedzib\u0119 CLS Inspektoratu PZU w K\u0142odzku\"\n\t\t\t\tdata-src=\"https:\/\/www.unipolbud.pl\/wp-content\/gallery\/referencje\/pzu.jpg\"\n\t\t\t\tdata-thumbnail=\"https:\/\/www.unipolbud.pl\/wp-content\/gallery\/referencje\/thumbs\/thumbs_pzu.jpg\"\n\t\t\t\tdata-image-id=\"10\"\n\t\t\t\tdata-title=\"Adaptacja pomieszcze\u0144 na siedzib\u0119 CLS Inspektoratu PZU w K\u0142odzku\"\n\t\t\t\tdata-description=\"Adaptacja pomieszcze\u0144 na siedzib\u0119 CLS Inspektoratu PZU w K\u0142odzku\"\n\t\t\t\tdata-image-slug=\"adaptacja-pomieszczen-na-siedzibe-cls-inspektoratu-pzu-w-klodzku\"\n\t\t\t\tclass=\"ngg-fancybox\" rel=\"2c06c7b2f139d54b2fb5f2019282340c\">\n\t\t\t\t<img\n\t\t\t\t\ttitle=\"Adaptacja pomieszcze\u0144 na siedzib\u0119 CLS Inspektoratu PZU w K\u0142odzku\"\n\t\t\t\t\talt=\"Adaptacja pomieszcze\u0144 na siedzib\u0119 CLS Inspektoratu PZU w K\u0142odzku\"\n\t\t\t\t\tsrc=\"https:\/\/www.unipolbud.pl\/wp-content\/gallery\/referencje\/thumbs\/thumbs_pzu.jpg\"\n\t\t\t\t\twidth=\"100\"\n\t\t\t\t\theight=\"75\"\n\t\t\t\t\tstyle=\"max-width:100%;\"\n\t\t\t\t\/>\n\t\t\t<\/a>\n\t\t<\/div>\n\t\t\t\t\t\t\t<\/div> \n\t\t\t\n\t\t\n\t\t\t\t<div id=\"ngg-image-8\" class=\"ngg-gallery-thumbnail-box\" \n\t\t\t\t\t\t\t\t\t\t\t>\n\t\t\t\t\t\t<div class=\"ngg-gallery-thumbnail\">\n\t\t\t<a href=\"https:\/\/www.unipolbud.pl\/wp-content\/gallery\/referencje\/rozowapantera.jpg\"\n\t\t\t\ttitle=\"Rozbudowa oraz roboty wewn\u0119trzne i elewacja sklepu \u201eR\u00f3\u017cowa Pantera\u201d, ul. Tumska w K\u0142odzku\"\n\t\t\t\tdata-src=\"https:\/\/www.unipolbud.pl\/wp-content\/gallery\/referencje\/rozowapantera.jpg\"\n\t\t\t\tdata-thumbnail=\"https:\/\/www.unipolbud.pl\/wp-content\/gallery\/referencje\/thumbs\/thumbs_rozowapantera.jpg\"\n\t\t\t\tdata-image-id=\"11\"\n\t\t\t\tdata-title=\"Rozbudowa oraz roboty wewn\u0119trzne i elewacja sklepu \u201eR\u00f3\u017cowa Pantera\u201d, ul. Tumska w K\u0142odzku\"\n\t\t\t\tdata-description=\"Rozbudowa oraz roboty wewn\u0119trzne i elewacja sklepu \u201eR\u00f3\u017cowa Pantera\u201d, ul. Tumska w K\u0142odzku\"\n\t\t\t\tdata-image-slug=\"rozbudowa-oraz-roboty-wewnetrzne-i-elewacja-sklepu-%e2%80%9erozowa-pantera%e2%80%9d-ul-tumska-w-klodzku\"\n\t\t\t\tclass=\"ngg-fancybox\" rel=\"2c06c7b2f139d54b2fb5f2019282340c\">\n\t\t\t\t<img\n\t\t\t\t\ttitle=\"Rozbudowa oraz roboty wewn\u0119trzne i elewacja sklepu \u201eR\u00f3\u017cowa Pantera\u201d, ul. Tumska w K\u0142odzku\"\n\t\t\t\t\talt=\"Rozbudowa oraz roboty wewn\u0119trzne i elewacja sklepu \u201eR\u00f3\u017cowa Pantera\u201d, ul. Tumska w K\u0142odzku\"\n\t\t\t\t\tsrc=\"https:\/\/www.unipolbud.pl\/wp-content\/gallery\/referencje\/thumbs\/thumbs_rozowapantera.jpg\"\n\t\t\t\t\twidth=\"100\"\n\t\t\t\t\theight=\"75\"\n\t\t\t\t\tstyle=\"max-width:100%;\"\n\t\t\t\t\/>\n\t\t\t<\/a>\n\t\t<\/div>\n\t\t\t\t\t\t\t<\/div> \n\t\t\t\n\t\t\n\t\t\t\t<div id=\"ngg-image-9\" class=\"ngg-gallery-thumbnail-box\" \n\t\t\t\t\t\t\t\t\t\t\t>\n\t\t\t\t\t\t<div class=\"ngg-gallery-thumbnail\">\n\t\t\t<a href=\"https:\/\/www.unipolbud.pl\/wp-content\/gallery\/referencje\/sm_klodzko.jpg\"\n\t\t\t\ttitle=\"Remonty taras\u00f3w i balkon\u00f3w, inwestor: Sp\u00f3\u0142dzielnia Mieszkaniowa K\u0142odzko\"\n\t\t\t\tdata-src=\"https:\/\/www.unipolbud.pl\/wp-content\/gallery\/referencje\/sm_klodzko.jpg\"\n\t\t\t\tdata-thumbnail=\"https:\/\/www.unipolbud.pl\/wp-content\/gallery\/referencje\/thumbs\/thumbs_sm_klodzko.jpg\"\n\t\t\t\tdata-image-id=\"12\"\n\t\t\t\tdata-title=\"Remonty taras\u00f3w i balkon\u00f3w, inwestor: Sp\u00f3\u0142dzielnia Mieszkaniowa K\u0142odzko\"\n\t\t\t\tdata-description=\"Remonty taras\u00f3w i balkon\u00f3w, inwestor: Sp\u00f3\u0142dzielnia Mieszkaniowa K\u0142odzko\"\n\t\t\t\tdata-image-slug=\"remonty-tarasow-i-balkonow-inwestor-spoldzielnia-mieszkaniowa-klodzko\"\n\t\t\t\tclass=\"ngg-fancybox\" rel=\"2c06c7b2f139d54b2fb5f2019282340c\">\n\t\t\t\t<img\n\t\t\t\t\ttitle=\"Remonty taras\u00f3w i balkon\u00f3w, inwestor: Sp\u00f3\u0142dzielnia Mieszkaniowa K\u0142odzko\"\n\t\t\t\t\talt=\"Remonty taras\u00f3w i balkon\u00f3w, inwestor: Sp\u00f3\u0142dzielnia Mieszkaniowa K\u0142odzko\"\n\t\t\t\t\tsrc=\"https:\/\/www.unipolbud.pl\/wp-content\/gallery\/referencje\/thumbs\/thumbs_sm_klodzko.jpg\"\n\t\t\t\t\twidth=\"100\"\n\t\t\t\t\theight=\"75\"\n\t\t\t\t\tstyle=\"max-width:100%;\"\n\t\t\t\t\/>\n\t\t\t<\/a>\n\t\t<\/div>\n\t\t\t\t\t\t\t<\/div> \n\t\t\t\n\t\t\n\t\t\t\t<div id=\"ngg-image-10\" class=\"ngg-gallery-thumbnail-box\" \n\t\t\t\t\t\t\t\t\t\t\t>\n\t\t\t\t\t\t<div class=\"ngg-gallery-thumbnail\">\n\t\t\t<a href=\"https:\/\/www.unipolbud.pl\/wp-content\/gallery\/referencje\/unipol.jpg\"\n\t\t\t\ttitle=\"Remont sklepu firmy Unipol\"\n\t\t\t\tdata-src=\"https:\/\/www.unipolbud.pl\/wp-content\/gallery\/referencje\/unipol.jpg\"\n\t\t\t\tdata-thumbnail=\"https:\/\/www.unipolbud.pl\/wp-content\/gallery\/referencje\/thumbs\/thumbs_unipol.jpg\"\n\t\t\t\tdata-image-id=\"13\"\n\t\t\t\tdata-title=\"Remont sklepu firmy Unipol\"\n\t\t\t\tdata-description=\"Remont sklepu firmy Unipol\"\n\t\t\t\tdata-image-slug=\"remont-sklepu-firmy-unipol\"\n\t\t\t\tclass=\"ngg-fancybox\" rel=\"2c06c7b2f139d54b2fb5f2019282340c\">\n\t\t\t\t<img\n\t\t\t\t\ttitle=\"Remont sklepu firmy Unipol\"\n\t\t\t\t\talt=\"Remont sklepu firmy Unipol\"\n\t\t\t\t\tsrc=\"https:\/\/www.unipolbud.pl\/wp-content\/gallery\/referencje\/thumbs\/thumbs_unipol.jpg\"\n\t\t\t\t\twidth=\"100\"\n\t\t\t\t\theight=\"75\"\n\t\t\t\t\tstyle=\"max-width:100%;\"\n\t\t\t\t\/>\n\t\t\t<\/a>\n\t\t<\/div>\n\t\t\t\t\t\t\t<\/div> \n\t\t\t\n\t\t\n\t\t\n\t\t<!-- Pagination -->\n\t\t<div class='ngg-clear'><\/div>\t<\/div>\n<\/p>\n<p>Wykaz rob\u00f3t referencyjnych wykonywanych w latach 1997-2010:<\/p>\n<ul>\n<li>OWR RELAX Sp. Z o.o.\u00a0 Hotel w Parku\u00a0 (dawny OWK \u201eRydu\u0142towianka\u201d),\u00a0 ul. Robotnicza 23, Szczytna \u015al\u0105ska \u2013 roboty malarskie budynk\u00f3w oraz przebudowa w\u0119z\u0142\u00f3w sanitarnych, ocieplenie i elewacja \u2018Hotelu w Parku\u2019,<\/li>\n<li>roboty wyko\u0144czeniowe wewn\u0119trzne <a href=\"http:\/\/www.sanssouci.info.pl\/\">pensjonatu \u2018Sanssouci\u201d<\/a> w Kudowie Zdroju ,<\/li>\n<li> adaptacja pomieszcze\u0144 oraz wystr\u00f3j wn\u0119trza kancelarii adwokackich przy ul. Okrzei 6\u00a0 w K\u0142odzku (sp\u00f3\u0142ka adwokacka PROXY),<\/li>\n<li>adaptacja pomieszcze\u0144 oraz wystr\u00f3j wn\u0119trza sklep\u00f3w AGAL w Dusznikach Zdroju,<\/li>\n<li>adaptacja pomieszcze\u0144 na gabinet dentystyczny oraz ocieplenie i elewacja budynku przy ul. 1-maja, Bardo,<\/li>\n<li>rozbudowa oraz wystr\u00f3j wn\u0119trza sklepu \u2018Galanteria Kaletnicza\u201d ul. Wita Stwosza w K\u0142odzku,<\/li>\n<li>rozbudowa oraz roboty wewn\u0119trzne i elewacja sklepu \u201eR\u00f3\u017cowa Pantera\u201d, ul. Tumska w K\u0142odzku,<\/li>\n<li>roboty wyko\u0144czeniowe sali sprzeda\u017cy w\u00a0 siedzibie firmy \u201eMARWAL\u201d, ul. Sp\u00f3\u0142dzielcza w K\u0142odzku,<\/li>\n<li>remont pomieszcze\u0144 biurowych Ratusza w K\u0142odzku,\u00a0 Wydzia\u0142 In\u017cynierii Miejskiej UM w K\u0142odzku,<\/li>\n<li>roboty wyko\u0144czeniowe pomieszcze\u0144 <a href=\"http:\/\/www.powiat.klodzko.pl\/pcpr\/\">Powiatowego Centrum Pomocy Rodzinie w K\u0142odzku<\/a>,<\/li>\n<li>roboty budowlane i wyko\u0144czeniowe w budynku BG\u017b w K\u0142odzku wykonywane w 1999 oraz 2000 roku<\/li>\n<li>remont posadzek hali napraw <a href=\"http:\/\/www.auto-komplex.pl\/\">AUTO-KOMPLEX w K\u0142odzku<\/a>,<\/li>\n<li>roboty wyko\u0144czeniowe sklepu \u2018\u015awiat firan i zas\u0142on\u201d Pl. Chrobrego, K\u0142odzko,<\/li>\n<li>remont sklep\u00f3w i zaplecza przy ul. Wojska Polskiego w K\u0142odzku,<\/li>\n<li>remont\u00a0 pomieszcze\u0144 biurowych i przebudowa sanitariat\u00f3w <a href=\"http:\/\/www.bip.powiat.klodzko.pl\/\">Starostwa Powiatowego w K\u0142odzku<\/a>,<\/li>\n<li>wydzielenie pomieszcze\u0144 biurowych w budynku siedziby GE Power Controls Polska, ul. Pi\u0142sudzkiego 5 w K\u0142odzku,<\/li>\n<li>przystosowanie budynku przy ul. Wojska Polskiego 18 na potrzeby NZOZ \u2018ESKULAP\u2019 w K\u0142odzku,<\/li>\n<li>adaptacja pomieszcze\u0144 na siedzib\u0119 CLS Inspektoratu PZU w K\u0142odzku,<\/li>\n<li>budowa domu jednorodzinnego w K\u0142odzku przy ul. Pi\u0119knej, inwestor: Roman Miko\u0142ajczyk,<\/li>\n<li>roboty wyko\u0144czeniowe <a href=\"http:\/\/agal.com.pl\/\">hotelu AGAL<\/a> w Ziele\u0144cu, inwestor: Zdzis\u0142aw Ziemczonek,<\/li>\n<li>adaptacja poddasza na pomieszczenia biurowe oraz rozbudowa magazyn\u00f3w w istniej\u0105cej hurtowni w\u0119dlin w K\u0142odzku, ul. Okrzei 4, inwestor: Zbigniew Czajka,<\/li>\n<li>roboty malarskie klatek schodowych ul. Morcinka 4, 4a, 4b, Okrzei 26A I i II, 29 I i II, Walasiewicz\u00f3wny 5, Kusoci\u0144skiego 1,3, D\u0105br\u00f3wki 1,3, 4 dla Sp\u00f3\u0142dzielni Mieszkaniowej w K\u0142odzku,<\/li>\n<li>remonty balkon\u00f3w w K\u0142odzku, ul. Rodzinna, Objazdowa, inwestor: <a href=\"http:\/\/www.sm.klodzko.pl\/\">Sp\u00f3\u0142dzielnia Mieszkaniowa K\u0142odzko<\/a>,<\/li>\n<li>remonty taras\u00f3w w Polanicy Zdroju ul. Sp\u00f3\u0142dzielc\u00f3w, inwestor: Sp\u00f3\u0142dzielnia Mieszkaniowa K\u0142odzko,<\/li>\n<li>roboty ciesielskie: tarasu w jednej z niewielkich miejscowo\u015bci Kotliny K\u0142odzkiej oraz przybud\u00f3wka wykonana ca\u0142kowicie z drewna w jednym z domk\u00f3w K\u0142odzka,<\/li>\n<li>roboty wyko\u0144czeniowe <a href=\"http:\/\/www.szarotka.eu\/hotel\/\">hotelu Szarotka<\/a> w Ziele\u0144cu, inwestor: MWR Sobiesiak,<\/li>\n<li>roboty wyko\u0144czeniowe basenu i SPA w <a href=\"http:\/\/www.szarotka.eu\/hotel\/\">hotelu Szarotka<\/a> , inwestor: MWR Sobiesiak,<\/li>\n<li>przebudowa dawnej hurtowni budowlanej na budynek mieszkalno-us\u0142ugowy, inwestor: SONO Polska,<\/li>\n<li>roboty wyko\u0144czeniowe Willa Barbara (obecnie <a href=\"http:\/\/www.proharmonia.pl\/\">ProHarmonia<\/a>), ul. Wiosenna 4, L\u0105dek Zdr\u00f3j , inwestor: Neo-Nieruchomo\u015bci,<\/li>\n<li>remont elewacji budynku PZU w Bystrzycy K\u0142odzkiej<\/li>\n<\/ul>\n","protected":false},"excerpt":{"rendered":"<p>Wybrane referencje wystawione naszej firmie: Wykaz rob\u00f3t referencyjnych wykonywanych w latach 1997-2010: OWR RELAX Sp. Z o.o.\u00a0 Hotel w Parku\u00a0 (dawny OWK \u201eRydu\u0142towianka\u201d),\u00a0 ul. Robotnicza 23, Szczytna \u015al\u0105ska \u2013 roboty malarskie budynk\u00f3w oraz przebudowa w\u0119z\u0142\u00f3w sanitarnych, ocieplenie i elewacja \u2018Hotelu w Parku\u2019, roboty wyko\u0144czeniowe wewn\u0119trzne pensjonatu \u2018Sanssouci\u201d w Kudowie Zdroju , adaptacja pomieszcze\u0144 oraz wystr\u00f3j [&hellip;]<\/p>\n","protected":false},"author":1,"featured_media":0,"parent":0,"menu_order":4,"comment_status":"closed","ping_status":"open","template":"","meta":{"ngg_post_thumbnail":0,"footnotes":""},"aioseo_notices":[],"_links":{"self":[{"href":"https:\/\/www.unipolbud.pl\/index.php\/wp-json\/wp\/v2\/pages\/7"}],"collection":[{"href":"https:\/\/www.unipolbud.pl\/index.php\/wp-json\/wp\/v2\/pages"}],"about":[{"href":"https:\/\/www.unipolbud.pl\/index.php\/wp-json\/wp\/v2\/types\/page"}],"author":[{"embeddable":true,"href":"https:\/\/www.unipolbud.pl\/index.php\/wp-json\/wp\/v2\/users\/1"}],"replies":[{"embeddable":true,"href":"https:\/\/www.unipolbud.pl\/index.php\/wp-json\/wp\/v2\/comments?post=7"}],"version-history":[{"count":15,"href":"https:\/\/www.unipolbud.pl\/index.php\/wp-json\/wp\/v2\/pages\/7\/revisions"}],"predecessor-version":[{"id":64,"href":"https:\/\/www.unipolbud.pl\/index.php\/wp-json\/wp\/v2\/pages\/7\/revisions\/64"}],"wp:attachment":[{"href":"https:\/\/www.unipolbud.pl\/index.php\/wp-json\/wp\/v2\/media?parent=7"}],"curies":[{"name":"wp","href":"https:\/\/api.w.org\/{rel}","templated":true}]}}