{"id":50,"date":"2010-08-27T19:43:41","date_gmt":"2010-08-27T18:43:41","guid":{"rendered":"https:\/\/www.unipolbud.pl\/index.php\/"},"modified":"2021-05-30T21:25:35","modified_gmt":"2021-05-30T20:25:35","slug":"wlasciciel","status":"publish","type":"page","link":"https:\/\/www.unipolbud.pl\/index.php\/wlasciciel\/","title":{"rendered":"W\u0142a\u015bciciel"},"content":{"rendered":"<p>Stanis\u0142aw Ziemczonek, mgr in\u017c. budownictwa z ponad 40-letnim do\u015bwiadczeniem w bran\u017cy.<\/p>\n<p>Uprawnienia budowlane pozwalaj\u0105 mu na pe\u0142nienie roli&nbsp;<strong>kierownika budowy<\/strong>&nbsp;oraz<strong>&nbsp;inspektora nadzoru<\/strong>.<\/p>\n<p>Znajduje si\u0119 na li\u015bcie<strong>&nbsp;bieg\u0142ych s\u0105dowych&nbsp;<\/strong>S\u0105du Okr\u0119gowego w \u015awidnicy.<\/p>\n<p>Indywidualnie \u015bwiadczy tak\u017ce us\u0142ugi kompleksowe konsultingu i wsparcia przy inwestycjach budowlanych (lokalizacja, wycena, wykonawstwo, nadz\u00f3r).<\/p>\n<p>Prywatnie &#8211; m\u0105\u017c, ojciec, w\u0142a\u015bciciel trzech ps\u00f3w i <a href=\"http:\/\/www.google.com\/search?q=sp6gwb\">radioamator<\/a> z wieloma sukcesami na koncie.<\/p>\n","protected":false},"excerpt":{"rendered":"<p>Stanis\u0142aw Ziemczonek, mgr in\u017c. budownictwa z ponad 40-letnim do\u015bwiadczeniem w bran\u017cy. Uprawnienia budowlane pozwalaj\u0105 mu na pe\u0142nienie roli&nbsp;kierownika budowy&nbsp;oraz&nbsp;inspektora nadzoru. Znajduje si\u0119 na li\u015bcie&nbsp;bieg\u0142ych s\u0105dowych&nbsp;S\u0105du Okr\u0119gowego w \u015awidnicy. Indywidualnie \u015bwiadczy tak\u017ce us\u0142ugi kompleksowe konsultingu i wsparcia przy inwestycjach budowlanych (lokalizacja, wycena, wykonawstwo, nadz\u00f3r). Prywatnie &#8211; m\u0105\u017c, ojciec, w\u0142a\u015bciciel trzech ps\u00f3w i radioamator z wieloma sukcesami [&hellip;]<\/p>\n","protected":false},"author":1,"featured_media":0,"parent":0,"menu_order":4,"comment_status":"closed","ping_status":"closed","template":"","meta":{"ngg_post_thumbnail":0,"footnotes":""},"aioseo_notices":[],"_links":{"self":[{"href":"https:\/\/www.unipolbud.pl\/index.php\/wp-json\/wp\/v2\/pages\/50"}],"collection":[{"href":"https:\/\/www.unipolbud.pl\/index.php\/wp-json\/wp\/v2\/pages"}],"about":[{"href":"https:\/\/www.unipolbud.pl\/index.php\/wp-json\/wp\/v2\/types\/page"}],"author":[{"embeddable":true,"href":"https:\/\/www.unipolbud.pl\/index.php\/wp-json\/wp\/v2\/users\/1"}],"replies":[{"embeddable":true,"href":"https:\/\/www.unipolbud.pl\/index.php\/wp-json\/wp\/v2\/comments?post=50"}],"version-history":[{"count":12,"href":"https:\/\/www.unipolbud.pl\/index.php\/wp-json\/wp\/v2\/pages\/50\/revisions"}],"predecessor-version":[{"id":98,"href":"https:\/\/www.unipolbud.pl\/index.php\/wp-json\/wp\/v2\/pages\/50\/revisions\/98"}],"wp:attachment":[{"href":"https:\/\/www.unipolbud.pl\/index.php\/wp-json\/wp\/v2\/media?parent=50"}],"curies":[{"name":"wp","href":"https:\/\/api.w.org\/{rel}","templated":true}]}}