{"id":5,"date":"2009-12-02T00:08:58","date_gmt":"2009-12-01T23:08:58","guid":{"rendered":"http:\/\/ziemniak.home.pl\/unipolbud\/?page_id=5"},"modified":"2021-05-30T17:51:51","modified_gmt":"2021-05-30T16:51:51","slug":"o-firmie","status":"publish","type":"page","link":"https:\/\/www.unipolbud.pl\/index.php\/o-firmie\/","title":{"rendered":"O firmie"},"content":{"rendered":"<p>Firma&nbsp;<strong>UNIPOLBUD<\/strong>&nbsp;Stanis\u0142aw Ziemczonek istnieje od 1983 roku.<\/p>\n<p>Aktualny profil dzia\u0142alno\u015bci to:<\/p>\n<ul>\n<li><strong>roboty wyko\u0144czeniowe<\/strong>&nbsp;na wysoki standard<\/li>\n<\/ul>\n<ul>\n<li>remonty i renowacje<\/li>\n<\/ul>\n<ul>\n<li>renowacje taras\u00f3w, balkon\u00f3w<\/li>\n<\/ul>\n<ul>\n<li>termorenowacje i termomodernizacje budynk\u00f3w<\/li>\n<li>opinie i ekspertyzy dotycz\u0105ce rob\u00f3t budowlanych oraz stanu budynk\u00f3w<\/li>\n<\/ul>\n<p>Firma zatrudnia kilku wysoko wykwalifikowanych pracownik\u00f3w oraz wsp\u00f3\u0142pracuje z wieloma firmami budowlanymi, instalacyjnymi i elektrycznymi dla zapewnienia<strong>&nbsp;ca\u0142o\u015bciowego wykonawstwa<\/strong>&nbsp;prowadzonych prac.<\/p>\n<p>Posiadane \u015brodki transportu oraz wyposa\u017cenie umo\u017cliwia<strong>&nbsp;wykonywanie prac na obszarze ca\u0142ej Kotliny K\u0142odzkiej<\/strong>.<\/p>\n<p>W\u0142a\u015bciciel firmy \u2013 mgr in\u017c. Stanis\u0142aw Ziemczonek \u2013 posiada wy\u017csze wykszta\u0142cenie budowlane oraz uprawnienia budowlane do kierowania i nadzorowania prowadzonych rob\u00f3t.<\/p>\n<p>Gwarantujemy&nbsp;<strong>profesjonalne podej\u015bcie<\/strong>&nbsp;na ka\u017cdym etapie inwestycji.<\/p>\n","protected":false},"excerpt":{"rendered":"<p>Firma&nbsp;UNIPOLBUD&nbsp;Stanis\u0142aw Ziemczonek istnieje od 1983 roku. Aktualny profil dzia\u0142alno\u015bci to: roboty wyko\u0144czeniowe&nbsp;na wysoki standard remonty i renowacje renowacje taras\u00f3w, balkon\u00f3w termorenowacje i termomodernizacje budynk\u00f3w opinie i ekspertyzy dotycz\u0105ce rob\u00f3t budowlanych oraz stanu budynk\u00f3w Firma zatrudnia kilku wysoko wykwalifikowanych pracownik\u00f3w oraz wsp\u00f3\u0142pracuje z wieloma firmami budowlanymi, instalacyjnymi i elektrycznymi dla zapewnienia&nbsp;ca\u0142o\u015bciowego wykonawstwa&nbsp;prowadzonych prac. Posiadane \u015brodki transportu [&hellip;]<\/p>\n","protected":false},"author":1,"featured_media":0,"parent":0,"menu_order":2,"comment_status":"closed","ping_status":"open","template":"","meta":{"ngg_post_thumbnail":0,"footnotes":""},"aioseo_notices":[],"_links":{"self":[{"href":"https:\/\/www.unipolbud.pl\/index.php\/wp-json\/wp\/v2\/pages\/5"}],"collection":[{"href":"https:\/\/www.unipolbud.pl\/index.php\/wp-json\/wp\/v2\/pages"}],"about":[{"href":"https:\/\/www.unipolbud.pl\/index.php\/wp-json\/wp\/v2\/types\/page"}],"author":[{"embeddable":true,"href":"https:\/\/www.unipolbud.pl\/index.php\/wp-json\/wp\/v2\/users\/1"}],"replies":[{"embeddable":true,"href":"https:\/\/www.unipolbud.pl\/index.php\/wp-json\/wp\/v2\/comments?post=5"}],"version-history":[{"count":14,"href":"https:\/\/www.unipolbud.pl\/index.php\/wp-json\/wp\/v2\/pages\/5\/revisions"}],"predecessor-version":[{"id":96,"href":"https:\/\/www.unipolbud.pl\/index.php\/wp-json\/wp\/v2\/pages\/5\/revisions\/96"}],"wp:attachment":[{"href":"https:\/\/www.unipolbud.pl\/index.php\/wp-json\/wp\/v2\/media?parent=5"}],"curies":[{"name":"wp","href":"https:\/\/api.w.org\/{rel}","templated":true}]}}